{"id":34,"date":"2022-09-18T16:15:04","date_gmt":"2022-09-18T16:15:04","guid":{"rendered":"https:\/\/thenaturalexperience.de\/?page_id=34"},"modified":"2026-02-04T17:01:45","modified_gmt":"2026-02-04T17:01:45","slug":"startseite","status":"publish","type":"page","link":"https:\/\/thenaturalexperience.de\/","title":{"rendered":"Dies ist eine Testwebseite!"},"content":{"rendered":"\n<p class=\"has-text-align-center has-black-color has-text-color has-link-color has-medium-font-size wp-elements-e18e222f0e0429360459503032ec30e3\" style=\"font-style:normal;font-weight:300;letter-spacing:3px\"><mark style=\"background-color:rgba(0, 0, 0, 0)\" class=\"has-inline-color has-black-color\">In Weyher l\u00e4sst es sich gut leben &#8211; ob als Ausgangspunkt eines Urlaubs an der S\u00fcdlichen Weinstra\u00dfe oder einfach f\u00fcr immer!<\/mark><\/p>\n\n\n\n<p class=\"has-text-align-center has-medium-font-size\">Unsere au\u00dfergew\u00f6hnliche Lage macht das Leben hier so besonders: Mit weitem Blick in die Rheinebene unter uns und Wanderungen im Pf\u00e4lzerwald \u00fcber uns! Hier lie\u00df Ludwig I. sein Schlo\u00df Villa Ludwigsh\u00f6he errichten &#8211; hier l\u00e4sst es sich k\u00f6niglich leben!<br><\/p>\n\n\n\n<figure class=\"wp-block-gallery has-nested-images columns-4 is-cropped wp-block-gallery-1 is-layout-flex wp-block-gallery-is-layout-flex\">\n<figure class=\"wp-block-image size-medium\"><a href=\"https:\/\/thenaturalexperience.de\/?page_id=169\"><img loading=\"lazy\" decoding=\"async\" width=\"300\" height=\"300\" data-id=\"226\" src=\"https:\/\/thenaturalexperience.de\/wp-content\/uploads\/2026\/01\/Sehenswuerdigkeiten-IMG_8226-Kopie-300x300.jpg\" alt=\"\" class=\"wp-image-226\" srcset=\"https:\/\/thenaturalexperience.de\/wp-content\/uploads\/2026\/01\/Sehenswuerdigkeiten-IMG_8226-Kopie-300x300.jpg 300w, https:\/\/thenaturalexperience.de\/wp-content\/uploads\/2026\/01\/Sehenswuerdigkeiten-IMG_8226-Kopie-1024x1024.jpg 1024w, https:\/\/thenaturalexperience.de\/wp-content\/uploads\/2026\/01\/Sehenswuerdigkeiten-IMG_8226-Kopie-150x150.jpg 150w, https:\/\/thenaturalexperience.de\/wp-content\/uploads\/2026\/01\/Sehenswuerdigkeiten-IMG_8226-Kopie-768x768.jpg 768w, https:\/\/thenaturalexperience.de\/wp-content\/uploads\/2026\/01\/Sehenswuerdigkeiten-IMG_8226-Kopie-720x720.jpg 720w, https:\/\/thenaturalexperience.de\/wp-content\/uploads\/2026\/01\/Sehenswuerdigkeiten-IMG_8226-Kopie.jpg 1500w\" sizes=\"auto, (max-width: 300px) 100vw, 300px\" \/><\/a><figcaption class=\"wp-element-caption\"><a href=\"https:\/\/thenaturalexperience.de\/?page_id=169\" data-type=\"page\" data-id=\"169\">Sehensw\u00fcrdigkeiten<\/a><\/figcaption><\/figure>\n\n\n\n<figure data-wp-context=\"{&quot;imageId&quot;:&quot;69d769d188e98&quot;}\" data-wp-interactive=\"core\/image\" data-wp-key=\"69d769d188e98\" class=\"wp-block-image size-medium wp-lightbox-container\"><img loading=\"lazy\" decoding=\"async\" width=\"300\" height=\"300\" data-wp-class--hide=\"state.isContentHidden\" data-wp-class--show=\"state.isContentVisible\" data-wp-init=\"callbacks.setButtonStyles\" data-wp-on--click=\"actions.showLightbox\" data-wp-on--load=\"callbacks.setButtonStyles\" data-wp-on-window--resize=\"callbacks.setButtonStyles\" data-id=\"227\" src=\"https:\/\/thenaturalexperience.de\/wp-content\/uploads\/2026\/01\/Aktivitaeten-NWW_8580-Kopie-2-300x300.jpg\" alt=\"\" class=\"wp-image-227\" srcset=\"https:\/\/thenaturalexperience.de\/wp-content\/uploads\/2026\/01\/Aktivitaeten-NWW_8580-Kopie-2-300x300.jpg 300w, https:\/\/thenaturalexperience.de\/wp-content\/uploads\/2026\/01\/Aktivitaeten-NWW_8580-Kopie-2-1024x1024.jpg 1024w, https:\/\/thenaturalexperience.de\/wp-content\/uploads\/2026\/01\/Aktivitaeten-NWW_8580-Kopie-2-150x150.jpg 150w, https:\/\/thenaturalexperience.de\/wp-content\/uploads\/2026\/01\/Aktivitaeten-NWW_8580-Kopie-2-768x768.jpg 768w, https:\/\/thenaturalexperience.de\/wp-content\/uploads\/2026\/01\/Aktivitaeten-NWW_8580-Kopie-2-720x720.jpg 720w, https:\/\/thenaturalexperience.de\/wp-content\/uploads\/2026\/01\/Aktivitaeten-NWW_8580-Kopie-2.jpg 1500w\" sizes=\"auto, (max-width: 300px) 100vw, 300px\" \/><button\n\t\t\tclass=\"lightbox-trigger\"\n\t\t\ttype=\"button\"\n\t\t\taria-haspopup=\"dialog\"\n\t\t\taria-label=\"Vergr\u00f6\u00dfern\"\n\t\t\tdata-wp-init=\"callbacks.initTriggerButton\"\n\t\t\tdata-wp-on--click=\"actions.showLightbox\"\n\t\t\tdata-wp-style--right=\"state.imageButtonRight\"\n\t\t\tdata-wp-style--top=\"state.imageButtonTop\"\n\t\t>\n\t\t\t<svg xmlns=\"http:\/\/www.w3.org\/2000\/svg\" width=\"12\" height=\"12\" fill=\"none\" viewBox=\"0 0 12 12\">\n\t\t\t\t<path fill=\"#fff\" d=\"M2 0a2 2 0 0 0-2 2v2h1.5V2a.5.5 0 0 1 .5-.5h2V0H2Zm2 10.5H2a.5.5 0 0 1-.5-.5V8H0v2a2 2 0 0 0 2 2h2v-1.5ZM8 12v-1.5h2a.5.5 0 0 0 .5-.5V8H12v2a2 2 0 0 1-2 2H8Zm2-12a2 2 0 0 1 2 2v2h-1.5V2a.5.5 0 0 0-.5-.5H8V0h2Z\" \/>\n\t\t\t<\/svg>\n\t\t<\/button><figcaption class=\"wp-element-caption\">Aktivit\u00e4ten<\/figcaption><\/figure>\n\n\n\n<figure data-wp-context=\"{&quot;imageId&quot;:&quot;69d769d189466&quot;}\" data-wp-interactive=\"core\/image\" data-wp-key=\"69d769d189466\" class=\"wp-block-image size-medium is-style-default wp-lightbox-container\"><img loading=\"lazy\" decoding=\"async\" width=\"300\" height=\"300\" data-wp-class--hide=\"state.isContentHidden\" data-wp-class--show=\"state.isContentVisible\" data-wp-init=\"callbacks.setButtonStyles\" data-wp-on--click=\"actions.showLightbox\" data-wp-on--load=\"callbacks.setButtonStyles\" data-wp-on-window--resize=\"callbacks.setButtonStyles\" data-id=\"231\" src=\"https:\/\/thenaturalexperience.de\/wp-content\/uploads\/2026\/01\/Essen-NWW_0319-Kopie-2-300x300.jpg\" alt=\"\" class=\"wp-image-231\" srcset=\"https:\/\/thenaturalexperience.de\/wp-content\/uploads\/2026\/01\/Essen-NWW_0319-Kopie-2-300x300.jpg 300w, https:\/\/thenaturalexperience.de\/wp-content\/uploads\/2026\/01\/Essen-NWW_0319-Kopie-2-1024x1024.jpg 1024w, https:\/\/thenaturalexperience.de\/wp-content\/uploads\/2026\/01\/Essen-NWW_0319-Kopie-2-150x150.jpg 150w, https:\/\/thenaturalexperience.de\/wp-content\/uploads\/2026\/01\/Essen-NWW_0319-Kopie-2-768x768.jpg 768w, https:\/\/thenaturalexperience.de\/wp-content\/uploads\/2026\/01\/Essen-NWW_0319-Kopie-2-720x720.jpg 720w, https:\/\/thenaturalexperience.de\/wp-content\/uploads\/2026\/01\/Essen-NWW_0319-Kopie-2.jpg 1500w\" sizes=\"auto, (max-width: 300px) 100vw, 300px\" \/><button\n\t\t\tclass=\"lightbox-trigger\"\n\t\t\ttype=\"button\"\n\t\t\taria-haspopup=\"dialog\"\n\t\t\taria-label=\"Vergr\u00f6\u00dfern\"\n\t\t\tdata-wp-init=\"callbacks.initTriggerButton\"\n\t\t\tdata-wp-on--click=\"actions.showLightbox\"\n\t\t\tdata-wp-style--right=\"state.imageButtonRight\"\n\t\t\tdata-wp-style--top=\"state.imageButtonTop\"\n\t\t>\n\t\t\t<svg xmlns=\"http:\/\/www.w3.org\/2000\/svg\" width=\"12\" height=\"12\" fill=\"none\" viewBox=\"0 0 12 12\">\n\t\t\t\t<path fill=\"#fff\" d=\"M2 0a2 2 0 0 0-2 2v2h1.5V2a.5.5 0 0 1 .5-.5h2V0H2Zm2 10.5H2a.5.5 0 0 1-.5-.5V8H0v2a2 2 0 0 0 2 2h2v-1.5ZM8 12v-1.5h2a.5.5 0 0 0 .5-.5V8H12v2a2 2 0 0 1-2 2H8Zm2-12a2 2 0 0 1 2 2v2h-1.5V2a.5.5 0 0 0-.5-.5H8V0h2Z\" \/>\n\t\t\t<\/svg>\n\t\t<\/button><figcaption class=\"wp-element-caption\">Essen und Trinken<\/figcaption><\/figure>\n\n\n\n<figure data-wp-context=\"{&quot;imageId&quot;:&quot;69d769d189940&quot;}\" data-wp-interactive=\"core\/image\" data-wp-key=\"69d769d189940\" class=\"wp-block-image size-medium wp-lightbox-container\"><img loading=\"lazy\" decoding=\"async\" width=\"300\" height=\"300\" data-wp-class--hide=\"state.isContentHidden\" data-wp-class--show=\"state.isContentVisible\" data-wp-init=\"callbacks.setButtonStyles\" data-wp-on--click=\"actions.showLightbox\" data-wp-on--load=\"callbacks.setButtonStyles\" data-wp-on-window--resize=\"callbacks.setButtonStyles\" data-id=\"229\" src=\"https:\/\/thenaturalexperience.de\/wp-content\/uploads\/2026\/01\/Uebernachten-NWW_9425-Kopie-300x300.jpg\" alt=\"\" class=\"wp-image-229\" srcset=\"https:\/\/thenaturalexperience.de\/wp-content\/uploads\/2026\/01\/Uebernachten-NWW_9425-Kopie-300x300.jpg 300w, https:\/\/thenaturalexperience.de\/wp-content\/uploads\/2026\/01\/Uebernachten-NWW_9425-Kopie-1024x1024.jpg 1024w, https:\/\/thenaturalexperience.de\/wp-content\/uploads\/2026\/01\/Uebernachten-NWW_9425-Kopie-150x150.jpg 150w, https:\/\/thenaturalexperience.de\/wp-content\/uploads\/2026\/01\/Uebernachten-NWW_9425-Kopie-768x768.jpg 768w, https:\/\/thenaturalexperience.de\/wp-content\/uploads\/2026\/01\/Uebernachten-NWW_9425-Kopie-720x720.jpg 720w, https:\/\/thenaturalexperience.de\/wp-content\/uploads\/2026\/01\/Uebernachten-NWW_9425-Kopie.jpg 1500w\" sizes=\"auto, (max-width: 300px) 100vw, 300px\" \/><button\n\t\t\tclass=\"lightbox-trigger\"\n\t\t\ttype=\"button\"\n\t\t\taria-haspopup=\"dialog\"\n\t\t\taria-label=\"Vergr\u00f6\u00dfern\"\n\t\t\tdata-wp-init=\"callbacks.initTriggerButton\"\n\t\t\tdata-wp-on--click=\"actions.showLightbox\"\n\t\t\tdata-wp-style--right=\"state.imageButtonRight\"\n\t\t\tdata-wp-style--top=\"state.imageButtonTop\"\n\t\t>\n\t\t\t<svg xmlns=\"http:\/\/www.w3.org\/2000\/svg\" width=\"12\" height=\"12\" fill=\"none\" viewBox=\"0 0 12 12\">\n\t\t\t\t<path fill=\"#fff\" d=\"M2 0a2 2 0 0 0-2 2v2h1.5V2a.5.5 0 0 1 .5-.5h2V0H2Zm2 10.5H2a.5.5 0 0 1-.5-.5V8H0v2a2 2 0 0 0 2 2h2v-1.5ZM8 12v-1.5h2a.5.5 0 0 0 .5-.5V8H12v2a2 2 0 0 1-2 2H8Zm2-12a2 2 0 0 1 2 2v2h-1.5V2a.5.5 0 0 0-.5-.5H8V0h2Z\" \/>\n\t\t\t<\/svg>\n\t\t<\/button><figcaption class=\"wp-element-caption\">\u00dcbernachten<\/figcaption><\/figure>\n<\/figure>\n\n\n\n<hr class=\"wp-block-separator has-alpha-channel-opacity\"\/>\n\n\n<ul class=\"wp-block-latest-posts__list wp-block-latest-posts\"><li><div class=\"wp-block-latest-posts__featured-image alignright\"><a href=\"https:\/\/thenaturalexperience.de\/?p=196\" aria-label=\"Das Weinpanorama 2026\"><img loading=\"lazy\" decoding=\"async\" width=\"150\" height=\"150\" src=\"https:\/\/thenaturalexperience.de\/wp-content\/uploads\/2026\/01\/Weinpanorama-NWW_6185-Kopie-2-150x150.jpg\" class=\"attachment-thumbnail size-thumbnail wp-post-image\" alt=\"\" style=\"\" \/><\/a><\/div><a class=\"wp-block-latest-posts__post-title\" href=\"https:\/\/thenaturalexperience.de\/?p=196\">Das Weinpanorama 2026<\/a><div class=\"wp-block-latest-posts__post-excerpt\">Die Vorfreude w\u00e4chst, die Spannung steigt: Das weithin bekannte und beliebte Weyherer Weinpanorama findet wie immer am ersten Mai-Wochenende statt &#8211; und dieses Jahr sogar ganze drei Tage vom 1. bis und 3. Mai! Es wird schon schwer geplant und vorbereitet, damit es wieder rund um den Michaelsberg ein gelungenes Fest mit Wein, gutem Essen und viel Live-Musik wird. Also,<a class=\"more-link\" href=\"https:\/\/thenaturalexperience.de\/?p=196\"><span>Weiterlesen<\/span><\/a><\/div><\/li>\n<\/ul>\n\n\n<figure class=\"wp-block-image size-large\"><a href=\"https:\/\/thenaturalexperience.de\/?page_id=265\"><img loading=\"lazy\" decoding=\"async\" width=\"1024\" height=\"421\" src=\"https:\/\/thenaturalexperience.de\/wp-content\/uploads\/2026\/02\/1250-Jahre-Weyher-1024x421.png\" alt=\"\" class=\"wp-image-258\" srcset=\"https:\/\/thenaturalexperience.de\/wp-content\/uploads\/2026\/02\/1250-Jahre-Weyher-1024x421.png 1024w, https:\/\/thenaturalexperience.de\/wp-content\/uploads\/2026\/02\/1250-Jahre-Weyher-300x123.png 300w, https:\/\/thenaturalexperience.de\/wp-content\/uploads\/2026\/02\/1250-Jahre-Weyher-768x316.png 768w, https:\/\/thenaturalexperience.de\/wp-content\/uploads\/2026\/02\/1250-Jahre-Weyher-1536x631.png 1536w, https:\/\/thenaturalexperience.de\/wp-content\/uploads\/2026\/02\/1250-Jahre-Weyher-720x296.png 720w, https:\/\/thenaturalexperience.de\/wp-content\/uploads\/2026\/02\/1250-Jahre-Weyher.png 1976w\" sizes=\"auto, (max-width: 1024px) 100vw, 1024px\" \/><\/a><\/figure>\n\n\n\n<hr class=\"wp-block-separator has-alpha-channel-opacity\"\/>\n\n\n\n<figure class=\"wp-block-pullquote\"><blockquote><p>Immer wissen, was bei uns los ist? Einfach die Weyher-Post abonnieren!<\/p><\/blockquote><\/figure>\n\n\n\n<hr class=\"wp-block-separator has-alpha-channel-opacity\"\/>\n\n\n\n<ul class=\"wp-block-social-links aligncenter is-layout-flex wp-block-social-links-is-layout-flex\"><li class=\"wp-social-link wp-social-link-instagram  wp-block-social-link\"><a href=\"https:\/\/www.instagram.com\/weyherinderpfalz\/\" class=\"wp-block-social-link-anchor\"><svg width=\"24\" height=\"24\" viewBox=\"0 0 24 24\" version=\"1.1\" xmlns=\"http:\/\/www.w3.org\/2000\/svg\" aria-hidden=\"true\" focusable=\"false\"><path d=\"M12,4.622c2.403,0,2.688,0.009,3.637,0.052c0.877,0.04,1.354,0.187,1.671,0.31c0.42,0.163,0.72,0.358,1.035,0.673 c0.315,0.315,0.51,0.615,0.673,1.035c0.123,0.317,0.27,0.794,0.31,1.671c0.043,0.949,0.052,1.234,0.052,3.637 s-0.009,2.688-0.052,3.637c-0.04,0.877-0.187,1.354-0.31,1.671c-0.163,0.42-0.358,0.72-0.673,1.035 c-0.315,0.315-0.615,0.51-1.035,0.673c-0.317,0.123-0.794,0.27-1.671,0.31c-0.949,0.043-1.233,0.052-3.637,0.052 s-2.688-0.009-3.637-0.052c-0.877-0.04-1.354-0.187-1.671-0.31c-0.42-0.163-0.72-0.358-1.035-0.673 c-0.315-0.315-0.51-0.615-0.673-1.035c-0.123-0.317-0.27-0.794-0.31-1.671C4.631,14.688,4.622,14.403,4.622,12 s0.009-2.688,0.052-3.637c0.04-0.877,0.187-1.354,0.31-1.671c0.163-0.42,0.358-0.72,0.673-1.035 c0.315-0.315,0.615-0.51,1.035-0.673c0.317-0.123,0.794-0.27,1.671-0.31C9.312,4.631,9.597,4.622,12,4.622 M12,3 C9.556,3,9.249,3.01,8.289,3.054C7.331,3.098,6.677,3.25,6.105,3.472C5.513,3.702,5.011,4.01,4.511,4.511 c-0.5,0.5-0.808,1.002-1.038,1.594C3.25,6.677,3.098,7.331,3.054,8.289C3.01,9.249,3,9.556,3,12c0,2.444,0.01,2.751,0.054,3.711 c0.044,0.958,0.196,1.612,0.418,2.185c0.23,0.592,0.538,1.094,1.038,1.594c0.5,0.5,1.002,0.808,1.594,1.038 c0.572,0.222,1.227,0.375,2.185,0.418C9.249,20.99,9.556,21,12,21s2.751-0.01,3.711-0.054c0.958-0.044,1.612-0.196,2.185-0.418 c0.592-0.23,1.094-0.538,1.594-1.038c0.5-0.5,0.808-1.002,1.038-1.594c0.222-0.572,0.375-1.227,0.418-2.185 C20.99,14.751,21,14.444,21,12s-0.01-2.751-0.054-3.711c-0.044-0.958-0.196-1.612-0.418-2.185c-0.23-0.592-0.538-1.094-1.038-1.594 c-0.5-0.5-1.002-0.808-1.594-1.038c-0.572-0.222-1.227-0.375-2.185-0.418C14.751,3.01,14.444,3,12,3L12,3z M12,7.378 c-2.552,0-4.622,2.069-4.622,4.622S9.448,16.622,12,16.622s4.622-2.069,4.622-4.622S14.552,7.378,12,7.378z M12,15 c-1.657,0-3-1.343-3-3s1.343-3,3-3s3,1.343,3,3S13.657,15,12,15z M16.804,6.116c-0.596,0-1.08,0.484-1.08,1.08 s0.484,1.08,1.08,1.08c0.596,0,1.08-0.484,1.08-1.08S17.401,6.116,16.804,6.116z\"><\/path><\/svg><span class=\"wp-block-social-link-label screen-reader-text\">Instagram<\/span><\/a><\/li>\n\n<li class=\"wp-social-link wp-social-link-facebook  wp-block-social-link\"><a href=\"https:\/\/www.facebook.com\/weyherinderpfalz\" class=\"wp-block-social-link-anchor\"><svg width=\"24\" height=\"24\" viewBox=\"0 0 24 24\" version=\"1.1\" xmlns=\"http:\/\/www.w3.org\/2000\/svg\" aria-hidden=\"true\" focusable=\"false\"><path d=\"M12 2C6.5 2 2 6.5 2 12c0 5 3.7 9.1 8.4 9.9v-7H7.9V12h2.5V9.8c0-2.5 1.5-3.9 3.8-3.9 1.1 0 2.2.2 2.2.2v2.5h-1.3c-1.2 0-1.6.8-1.6 1.6V12h2.8l-.4 2.9h-2.3v7C18.3 21.1 22 17 22 12c0-5.5-4.5-10-10-10z\"><\/path><\/svg><span class=\"wp-block-social-link-label screen-reader-text\">Facebook<\/span><\/a><\/li>\n\n<li class=\"wp-social-link wp-social-link-mail  wp-block-social-link\"><a href=\"mailto:p&#111;st&#064;&#119;&#101;yh&#101;&#114;&#046;&#100;&#101;\" class=\"wp-block-social-link-anchor\"><svg width=\"24\" height=\"24\" viewBox=\"0 0 24 24\" version=\"1.1\" xmlns=\"http:\/\/www.w3.org\/2000\/svg\" aria-hidden=\"true\" focusable=\"false\"><path d=\"M19,5H5c-1.1,0-2,.9-2,2v10c0,1.1.9,2,2,2h14c1.1,0,2-.9,2-2V7c0-1.1-.9-2-2-2zm.5,12c0,.3-.2.5-.5.5H5c-.3,0-.5-.2-.5-.5V9.8l7.5,5.6,7.5-5.6V17zm0-9.1L12,13.6,4.5,7.9V7c0-.3.2-.5.5-.5h14c.3,0,.5.2.5.5v.9z\"><\/path><\/svg><span class=\"wp-block-social-link-label screen-reader-text\">E-Mail<\/span><\/a><\/li><\/ul>\n","protected":false},"excerpt":{"rendered":"<p>In Weyher l\u00e4sst es sich gut leben &#8211; ob als Ausgangspunkt eines Urlaubs an der S\u00fcdlichen Weinstra\u00dfe oder einfach f\u00fcr immer! Unsere au\u00dfergew\u00f6hnliche Lage macht das Leben hier so besonders: Mit weitem Blick in die Rheinebene unter uns und Wanderungen im Pf\u00e4lzerwald \u00fcber uns! Hier lie\u00df Ludwig I. sein Schlo\u00df Villa Ludwigsh\u00f6he errichten &#8211; hier l\u00e4sst es sich k\u00f6niglich leben! Immer wissen, was bei uns los ist? Einfach die Weyher-Post abonnieren!<\/p>\n","protected":false},"author":1,"featured_media":0,"parent":0,"menu_order":0,"comment_status":"closed","ping_status":"closed","template":"template-full-width.php","meta":{"footnotes":""},"class_list":["post-34","page","type-page","status-publish","hentry"],"_links":{"self":[{"href":"https:\/\/thenaturalexperience.de\/index.php?rest_route=\/wp\/v2\/pages\/34","targetHints":{"allow":["GET"]}}],"collection":[{"href":"https:\/\/thenaturalexperience.de\/index.php?rest_route=\/wp\/v2\/pages"}],"about":[{"href":"https:\/\/thenaturalexperience.de\/index.php?rest_route=\/wp\/v2\/types\/page"}],"author":[{"embeddable":true,"href":"https:\/\/thenaturalexperience.de\/index.php?rest_route=\/wp\/v2\/users\/1"}],"replies":[{"embeddable":true,"href":"https:\/\/thenaturalexperience.de\/index.php?rest_route=%2Fwp%2Fv2%2Fcomments&post=34"}],"version-history":[{"count":79,"href":"https:\/\/thenaturalexperience.de\/index.php?rest_route=\/wp\/v2\/pages\/34\/revisions"}],"predecessor-version":[{"id":290,"href":"https:\/\/thenaturalexperience.de\/index.php?rest_route=\/wp\/v2\/pages\/34\/revisions\/290"}],"wp:attachment":[{"href":"https:\/\/thenaturalexperience.de\/index.php?rest_route=%2Fwp%2Fv2%2Fmedia&parent=34"}],"curies":[{"name":"wp","href":"https:\/\/api.w.org\/{rel}","templated":true}]}}