{"id":169,"date":"2026-01-29T18:45:00","date_gmt":"2026-01-29T18:45:00","guid":{"rendered":"https:\/\/thenaturalexperience.de\/?page_id=169"},"modified":"2026-01-31T11:54:00","modified_gmt":"2026-01-31T11:54:00","slug":"sehenswuerdigkeiten","status":"publish","type":"page","link":"https:\/\/thenaturalexperience.de\/?page_id=169","title":{"rendered":"Sehensw\u00fcrdigkeiten"},"content":{"rendered":"\n<p>Weyher l\u00e4dt zum Entdecken ein! <\/p>\n\n\n\n<p><\/p>\n\n\n\n<div class=\"wp-block-media-text has-media-on-the-right is-stacked-on-mobile\"><div class=\"wp-block-media-text__content\">\n<p>Das Ortsbild ist gepr\u00e4gt von liebevoll erhaltenen H\u00e4usern der letzten Jahrhunderte mit ihren Torb\u00f6gen, Fenstern und Nischen. Das Alte Rathaus vom Ende des 16. Jahrhunderts mit seiner schneckenf\u00f6rmigen Sandsteintreppe von 1608 ist ein Kleinod des Winzerdorfes. Einmalig ist auch das mechanische Uhrwerk im Kirchturm von St. Peter und Paul, das die \u00e4ltesten Glocken der S\u00fcdpfalz schl\u00e4gt. Und bei einem Gang \u00fcber den Friedhof kann auch das Zeugnis der r\u00f6mischen Wurzeln, denen Weyher seinen Namen zu verdanken hat, begutachet werden: Ein steinerner Sarkophag. In den Weinbergen unterhalb der Kirche wurden die Reste einer r\u00f6mischen Villa \u00a0aus dem 2. Jahrhundert nachgewiesen.<\/p>\n<\/div><figure class=\"wp-block-media-text__media\"><img loading=\"lazy\" decoding=\"async\" width=\"300\" height=\"300\" src=\"https:\/\/thenaturalexperience.de\/wp-content\/uploads\/2026\/01\/Sehenswuerdigkeiten-IMG_8226-Kopie-300x300.jpg\" alt=\"\" class=\"wp-image-226 size-medium\" srcset=\"https:\/\/thenaturalexperience.de\/wp-content\/uploads\/2026\/01\/Sehenswuerdigkeiten-IMG_8226-Kopie-300x300.jpg 300w, https:\/\/thenaturalexperience.de\/wp-content\/uploads\/2026\/01\/Sehenswuerdigkeiten-IMG_8226-Kopie-1024x1024.jpg 1024w, https:\/\/thenaturalexperience.de\/wp-content\/uploads\/2026\/01\/Sehenswuerdigkeiten-IMG_8226-Kopie-150x150.jpg 150w, https:\/\/thenaturalexperience.de\/wp-content\/uploads\/2026\/01\/Sehenswuerdigkeiten-IMG_8226-Kopie-768x768.jpg 768w, https:\/\/thenaturalexperience.de\/wp-content\/uploads\/2026\/01\/Sehenswuerdigkeiten-IMG_8226-Kopie-720x720.jpg 720w, https:\/\/thenaturalexperience.de\/wp-content\/uploads\/2026\/01\/Sehenswuerdigkeiten-IMG_8226-Kopie.jpg 1500w\" sizes=\"auto, (max-width: 300px) 100vw, 300px\" \/><\/figure><\/div>\n\n\n\n<figure class=\"wp-block-gallery has-nested-images columns-default is-cropped wp-block-gallery-1 is-layout-flex wp-block-gallery-is-layout-flex\"><\/figure>\n\n\n\n<p>Angrenzend an die Kirche findet sich das Wachth\u00e4usl (heute \u00f6ffentliche Bibliothek) und gegen\u00fcber das Fr\u00fchmesshaus mit einem Dachstuhl aus dem 16. Jahrhundert sowie das Luisenstift. <\/p>\n\n\n\n<p>Eine besondere Entdeckung wurde im Jahr 2025 bei der Renovierung des &#8222;Duras-Hauses&#8220; gemacht: In dessen repr\u00e4sentativen Saalanbau von 1756 tauchten barocke Wand- und Deckengem\u00e4lde auf und wurden teilweise bereits restauriert. <\/p>\n","protected":false},"excerpt":{"rendered":"<p>Weyher l\u00e4dt zum Entdecken ein! Das Ortsbild ist gepr\u00e4gt von liebevoll erhaltenen H\u00e4usern der letzten Jahrhunderte mit ihren Torb\u00f6gen, Fenstern und Nischen. Das Alte Rathaus vom Ende des 16. Jahrhunderts mit seiner schneckenf\u00f6rmigen Sandsteintreppe von 1608 ist ein Kleinod des Winzerdorfes. Einmalig ist auch das mechanische Uhrwerk im Kirchturm von St. Peter und Paul, das die \u00e4ltesten Glocken der S\u00fcdpfalz schl\u00e4gt. Und bei einem Gang \u00fcber den Friedhof kann auch das Zeugnis der r\u00f6mischen Wurzeln, denen Weyher seinen Namen zu<a class=\"more-link\" href=\"https:\/\/thenaturalexperience.de\/?page_id=169\"><span>Weiterlesen<\/span><\/a><\/p>\n","protected":false},"author":1,"featured_media":0,"parent":0,"menu_order":0,"comment_status":"closed","ping_status":"closed","template":"template-full-width.php","meta":{"footnotes":""},"class_list":["post-169","page","type-page","status-publish","hentry"],"_links":{"self":[{"href":"https:\/\/thenaturalexperience.de\/index.php?rest_route=\/wp\/v2\/pages\/169","targetHints":{"allow":["GET"]}}],"collection":[{"href":"https:\/\/thenaturalexperience.de\/index.php?rest_route=\/wp\/v2\/pages"}],"about":[{"href":"https:\/\/thenaturalexperience.de\/index.php?rest_route=\/wp\/v2\/types\/page"}],"author":[{"embeddable":true,"href":"https:\/\/thenaturalexperience.de\/index.php?rest_route=\/wp\/v2\/users\/1"}],"replies":[{"embeddable":true,"href":"https:\/\/thenaturalexperience.de\/index.php?rest_route=%2Fwp%2Fv2%2Fcomments&post=169"}],"version-history":[{"count":11,"href":"https:\/\/thenaturalexperience.de\/index.php?rest_route=\/wp\/v2\/pages\/169\/revisions"}],"predecessor-version":[{"id":249,"href":"https:\/\/thenaturalexperience.de\/index.php?rest_route=\/wp\/v2\/pages\/169\/revisions\/249"}],"wp:attachment":[{"href":"https:\/\/thenaturalexperience.de\/index.php?rest_route=%2Fwp%2Fv2%2Fmedia&parent=169"}],"curies":[{"name":"wp","href":"https:\/\/api.w.org\/{rel}","templated":true}]}}